{"id":56,"date":"2016-03-06T21:43:08","date_gmt":"2016-03-06T20:43:08","guid":{"rendered":"http:\/\/myweeride.pl\/?page_id=56"},"modified":"2018-11-07T08:06:18","modified_gmt":"2018-11-07T07:06:18","slug":"gdzie-kupic","status":"publish","type":"page","link":"https:\/\/myweeride.pl\/index.php\/gdzie-kupic\/","title":{"rendered":"Gdzie kupi\u0107"},"content":{"rendered":"<p>[et_pb_section bb_built=&#8221;1&#8243; admin_label=&#8221;section&#8221;][et_pb_row admin_label=&#8221;row&#8221; background_position=&#8221;top_left&#8221; background_repeat=&#8221;repeat&#8221; background_size=&#8221;initial&#8221;][et_pb_column type=&#8221;1_2&#8243;][et_pb_text background_layout=&#8221;light&#8221; text_orientation=&#8221;left&#8221; use_border_color=&#8221;off&#8221; border_color=&#8221;#ffffff&#8221; border_style=&#8221;solid&#8221; background_position=&#8221;top_left&#8221; background_repeat=&#8221;repeat&#8221; background_size=&#8221;initial&#8221;]<\/p>\n<p>\n<img loading=\"lazy\" decoding=\"async\" class=\"alignnone size-full wp-image-501\" src=\"https:\/\/myweeride.pl\/wp-content\/uploads\/2016\/03\/mediae.jpg\" alt=\"\" width=\"282\" height=\"56\" \/><br \/><span>Ponad 400 sklep\u00f3w w ca\u0142ej Polsce<\/span><br \/><span>tel.: 22 12 23 100 \/ 801 080 114 \/ e-mail: esklep@mediaexpert.pl , www.mediaexpert.pl<\/span><\/p>\n<hr \/>\n<p><img loading=\"lazy\" decoding=\"async\" class=\"alignnone size-full wp-image-506\" src=\"https:\/\/myweeride.pl\/wp-content\/uploads\/2016\/03\/avans.jpg\" alt=\"\" width=\"213\" height=\"72\" \/><br \/><span>tel.:\u00a022 122 33 00 \/\u00a0801 080 247 \/ e-mail: sklep@avans.pl , www.avans.pl<br \/><\/span><\/p>\n<hr \/>\n<p><img loading=\"lazy\" decoding=\"async\" class=\"alignnone size-full wp-image-497\" src=\"https:\/\/myweeride.pl\/wp-content\/uploads\/2016\/03\/electro.jpg\" alt=\"\" width=\"245\" height=\"61\" \/><br \/><span>tel.: 801 080 167 \/ 22 122 32 00 \/ 22 122 32 00 \/ www.electro.pl<br \/><\/span><\/p>\n<hr \/>\n<p><img loading=\"lazy\" decoding=\"async\" class=\"alignnone size-medium wp-image-545\" src=\"https:\/\/myweeride.pl\/wp-content\/uploads\/2016\/03\/nonstopsport-300x84.png\" alt=\"\" width=\"300\" height=\"84\" \/><br \/><strong>Warszawa &#8211; Ursyn\u00f3w<\/strong>,\u00a0ul. Bociania 27, e-mail: sklep@nonstopsport.pl , tel.:\u00a0608 705 21,\u00a0www.nonstopsport.pl<\/p>\n<hr \/>\n<p><img loading=\"lazy\" decoding=\"async\" class=\"alignnone size-full wp-image-547\" src=\"https:\/\/myweeride.pl\/wp-content\/uploads\/2016\/03\/perfect-sport.png\" alt=\"\" width=\"263\" height=\"80\" \/><br \/><strong>Warszawa<\/strong>,\u00a0Al. Waszyngtona 41,\u00a0Tel: +48 22 378 38 68 \/\u00a0Kom: 785194125 \/ e-mail: sklep@v-gallery.pl \/ www.domenasportowa.pl<\/p>\n<hr \/>\n<p><img loading=\"lazy\" decoding=\"async\" class=\"alignnone size-medium wp-image-551\" src=\"https:\/\/myweeride.pl\/wp-content\/uploads\/2016\/03\/skynet-300x90.jpg\" alt=\"\" width=\"300\" height=\"90\" srcset=\"https:\/\/myweeride.pl\/wp-content\/uploads\/2016\/03\/skynet-300x90.jpg 300w, https:\/\/myweeride.pl\/wp-content\/uploads\/2016\/03\/skynet-768x231.jpg 768w, https:\/\/myweeride.pl\/wp-content\/uploads\/2016\/03\/skynet.jpg 981w\" sizes=\"(max-width: 300px) 100vw, 300px\" \/><br \/><strong>Wroc\u0142aw<\/strong>,\u00a0ul. Zgodna 4, e-mail: sklep@skyprojekt.pl, tel.:\u00a0(71) 344 02 49 \/\u00a0600 965 930 \/\u00a0604 459 113 \/ www.skyprojekt.pl<\/p>\n<hr \/>\n<p><img loading=\"lazy\" decoding=\"async\" class=\"alignnone size-medium wp-image-534\" src=\"https:\/\/myweeride.pl\/wp-content\/uploads\/2016\/03\/grawitacyjny-300x52.jpg\" alt=\"\" width=\"300\" height=\"52\" srcset=\"https:\/\/myweeride.pl\/wp-content\/uploads\/2016\/03\/grawitacyjny-300x52.jpg 300w, https:\/\/myweeride.pl\/wp-content\/uploads\/2016\/03\/grawitacyjny.jpg 352w\" sizes=\"(max-width: 300px) 100vw, 300px\" \/><br \/><strong>Rzesz\u00f3w<\/strong>,\u00a0ul. Za\u0142\u0119ska 98,\u00a0Tel.: 506 141 018 \/\u00a0e-mail: sklep@grawitacyjny.pl \/ www.grawitacyjny.pl<\/p>\n<hr \/>\n<h3><span style=\"color: #993300;\"><strong>FitSport24.pl<\/strong>\u00a0<\/span><\/h3>\n<p><strong>K\u0119dzierzyn Ko\u017ale<\/strong>, ul. Nowa 8 \/ tel.:\u00a0506 663 233 \/ e-mail:\u00a0sklep@fitsport24.pl<\/p>\n<hr \/>\n<p><img loading=\"lazy\" decoding=\"async\" class=\"alignnone size-full wp-image-512\" src=\"https:\/\/myweeride.pl\/wp-content\/uploads\/2016\/03\/szumgum.gif\" alt=\"\" width=\"255\" height=\"57\" \/><br \/><strong>Wilkowice<\/strong>, ul. Robotnicza 3,\u00a0Tel. (+48) 33 307 09 47 \/ e-mail:\u00a0sklep@szumgum.com \/\u00a0www.szumgum.com<\/p>\n<hr \/>\n<p><img loading=\"lazy\" decoding=\"async\" class=\"alignnone wp-image-516\" src=\"https:\/\/myweeride.pl\/wp-content\/uploads\/2016\/03\/wozimysie.png\" alt=\"\" width=\"164\" height=\"90\" \/><br \/><strong>Kalisz<\/strong>\u00a0ul. Zagorzynek 30, e-mail: hania@wozimysie.pl\u00a0\/ tel.:\u00a0606 495 093<\/p>\n<hr \/>\n<p><img loading=\"lazy\" decoding=\"async\" class=\"alignnone size-medium wp-image-561\" src=\"https:\/\/myweeride.pl\/wp-content\/uploads\/2016\/03\/pogromcynudy-300x117.png\" alt=\"\" width=\"300\" height=\"117\" srcset=\"https:\/\/myweeride.pl\/wp-content\/uploads\/2016\/03\/pogromcynudy-300x117.png 300w, https:\/\/myweeride.pl\/wp-content\/uploads\/2016\/03\/pogromcynudy-768x300.png 768w, https:\/\/myweeride.pl\/wp-content\/uploads\/2016\/03\/pogromcynudy.png 800w\" sizes=\"(max-width: 300px) 100vw, 300px\" \/><br \/><strong>Warszawa &#8211; Bemowo<\/strong>, ul. Gustawa Morcinka 32,\u00a0tel. 793 048 850, e-mail: biuro@e-pogromcy-nudy.pl, www.pogromcy-nudy.pl<\/p>\n<hr \/>\n<p><img loading=\"lazy\" decoding=\"async\" class=\"alignnone size-medium wp-image-508\" src=\"https:\/\/myweeride.pl\/wp-content\/uploads\/2016\/03\/babymama-300x54.jpg\" alt=\"\" width=\"300\" height=\"54\" srcset=\"https:\/\/myweeride.pl\/wp-content\/uploads\/2016\/03\/babymama-300x54.jpg 300w, https:\/\/myweeride.pl\/wp-content\/uploads\/2016\/03\/babymama.jpg 337w\" sizes=\"(max-width: 300px) 100vw, 300px\" \/><br \/><strong>Warszawa Ursyn\u00f3w<\/strong>\u00a0ul. Dunikowskiego 10,\u00a0Tel: +48 602 178 731, e-mail: bok@babymama.pl, www.babymama.pl<\/p>\n<hr \/>\n<p><img loading=\"lazy\" decoding=\"async\" class=\"alignnone size-full wp-image-555\" src=\"https:\/\/myweeride.pl\/wp-content\/uploads\/2016\/03\/strefa2a-1.jpg\" alt=\"\" width=\"219\" height=\"51\" \/><br \/><strong>Warszawa<\/strong>,\u00a0Al. J. Waszyngtona 26\/40, tel.:\u00a0607 157 812, www.strefa2a.com<\/p>\n<hr \/>\n<p><img loading=\"lazy\" decoding=\"async\" class=\"alignnone size-full wp-image-537\" src=\"https:\/\/myweeride.pl\/wp-content\/uploads\/2016\/03\/jassport-1.jpg\" alt=\"\" width=\"294\" height=\"56\" \/><\/p>\n<p><strong>D\u0105browa G\u00f3rnicza<\/strong> ul.Wybickiego 1, Telefon: \u00a0692-666-161, e-mail:\u00a0sklep@jassport.pl, www.jassport.pl<\/p>\n<hr \/>\n<p><img loading=\"lazy\" decoding=\"async\" class=\"alignnone size-medium wp-image-538\" src=\"https:\/\/myweeride.pl\/wp-content\/uploads\/2016\/03\/koparniak-300x81.jpg\" alt=\"\" width=\"300\" height=\"81\" srcset=\"https:\/\/myweeride.pl\/wp-content\/uploads\/2016\/03\/koparniak-300x81.jpg 300w, https:\/\/myweeride.pl\/wp-content\/uploads\/2016\/03\/koparniak.jpg 399w\" sizes=\"(max-width: 300px) 100vw, 300px\" \/><\/p>\n<p><strong>Rabka-Zdr\u00f3j<\/strong> Centrum Sportu &#8211; D.H. Gazda\u00a0ul. Chopina 16,\u00a0e-mail: koperniak@poczta.fm,\u00a0tel. 18 26 70 730, www.koperniak.pl<\/p>\n<hr \/>\n<p><img loading=\"lazy\" decoding=\"async\" class=\"alignnone size-full wp-image-536\" src=\"https:\/\/myweeride.pl\/wp-content\/uploads\/2016\/03\/itinere.jpg\" alt=\"\" width=\"97\" height=\"111\" \/><br \/><strong>Gda\u0144sk &#8211; Osowa<\/strong>,\u00a0ul. Zatokowa 17, e-mail.: biuro@itinere.pl,\u00a0Telefon: +48 537-33-66-35, www.itinere.pl<\/p>\n<hr \/>\n<p><img loading=\"lazy\" decoding=\"async\" class=\"alignnone size-medium wp-image-532\" src=\"https:\/\/myweeride.pl\/wp-content\/uploads\/2016\/03\/dr-szprycha-300x105.jpg\" alt=\"\" width=\"300\" height=\"105\" srcset=\"https:\/\/myweeride.pl\/wp-content\/uploads\/2016\/03\/dr-szprycha-300x105.jpg 300w, https:\/\/myweeride.pl\/wp-content\/uploads\/2016\/03\/dr-szprycha.jpg 457w\" sizes=\"(max-width: 300px) 100vw, 300px\" \/><\/p>\n<p><strong>Jarocin<\/strong> ul. Wojska Polskiego 44, tel.: 62 740 04 08, e-mail: sklep@drszprycha.pl, www.drszprycha.pl<\/p>\n<hr \/>\n<p><img loading=\"lazy\" decoding=\"async\" class=\"alignnone size-medium wp-image-566\" src=\"https:\/\/myweeride.pl\/wp-content\/uploads\/2016\/03\/norasport-300x69.jpg\" alt=\"\" width=\"300\" height=\"69\" srcset=\"https:\/\/myweeride.pl\/wp-content\/uploads\/2016\/03\/norasport-300x69.jpg 300w, https:\/\/myweeride.pl\/wp-content\/uploads\/2016\/03\/norasport.jpg 369w\" sizes=\"(max-width: 300px) 100vw, 300px\" \/><br \/><strong>Krzeszowice<\/strong>\u00a0ul. Krakowska 11a,\u00a0email: k.janikowski@sportnora.pl,\u00a0tel: 12 282 40 98, www.sportnora.pl<\/p>\n<hr \/>\n<p>&nbsp;<\/p>\n<p>[\/et_pb_text][\/et_pb_column][et_pb_column type=&#8221;1_2&#8243;][et_pb_text use_border_color=&#8221;off&#8221; background_position=&#8221;top_left&#8221; background_repeat=&#8221;repeat&#8221; background_size=&#8221;initial&#8221; _builder_version=&#8221;3.17.5&#8243;]<\/p>\n<p><img loading=\"lazy\" decoding=\"async\" class=\"alignnone size-full wp-image-548\" src=\"https:\/\/myweeride.pl\/wp-content\/uploads\/2016\/03\/presto.png\" alt=\"\" width=\"191\" height=\"118\" \/><br \/><span>tel.: 801-000-849 \/ tel:12-384-81-01\u00a0\/ e-mail: konsultant@skleppresto.pl\u00a0\/\u00a0<\/span>www.sklep-presto.pl<\/p>\n<hr \/>\n<p><img loading=\"lazy\" decoding=\"async\" class=\"alignnone size-full wp-image-519\" src=\"https:\/\/myweeride.pl\/wp-content\/uploads\/2016\/03\/ambike-1.jpg\" alt=\"\" width=\"225\" height=\"122\" \/><br \/><strong>Warszawa, Konstancin-Jeziorna<\/strong>, ul. Warszawska 35, tel. 22 757 68 05,\u00a0e-mail: ambike@ambike.pl,\u00a0 <a href=\"http:\/\/ambike.pl\/\" target=\"_blank\" rel=\"noopener noreferrer\">ambike.pl<br \/><\/a><strong>Otwock<\/strong>,\u00a0ul. Staszica 16, e-mail:\u00a0rowery@ambike.pl,\u00a0tel. 022 299 00 06; kom: 796 255 879<\/p>\n<hr \/>\n<p><img loading=\"lazy\" decoding=\"async\" class=\"alignnone size-full wp-image-513\" src=\"https:\/\/myweeride.pl\/wp-content\/uploads\/2016\/03\/tomar.png\" alt=\"\" width=\"115\" height=\"115\" \/><br \/><strong>Krak\u00f3w<\/strong>, ul. Klasztorna 31,\u00a0tel.: 12 425 84 30,\u00a0email: sklep@tomarsport.pl<br \/><strong>Modlnica k\/Krakowa<\/strong>, ul. Cz\u0119stochowska 6, tel.:\u00a0533 760 033,\u00a0email:<span>\u00a0<\/span><a href=\"http:\/\/www.rowerowy.biz\/sklepmodlnica@tomarsport.pl\">sklepmodlnica@tomarsport.pl<br \/><\/a><\/p>\n<hr \/>\n<p><img loading=\"lazy\" decoding=\"async\" class=\"alignnone size-full wp-image-535\" src=\"https:\/\/myweeride.pl\/wp-content\/uploads\/2016\/03\/gsport.png\" alt=\"\" width=\"201\" height=\"59\" \/><br \/><strong>Katowice<\/strong>,\u00a0ul.Ko\u015bciuszki 227 \/\u00a0tel.: 32 7017236 \/ e-mail: biuro@gsport.pl \/ www.gsport.pl<\/p>\n<hr \/>\n<p><img loading=\"lazy\" decoding=\"async\" class=\"alignnone wp-image-584 size-full\" src=\"https:\/\/myweeride.pl\/wp-content\/uploads\/2018\/11\/dadelo.png\" alt=\"\" width=\"173\" height=\"43\" \/><br \/><strong>Bydgoszcz<\/strong>,\u00a0ul. <span>Szubi\u0144ska 79<\/span> \/ e-mail: sklep@dadelo.pl \/\u00a0tel.: <span>887 874 735<\/span> \/ <a href=\"https:\/\/www.dadelo.pl\/\">www.dadelo.pl<\/a><\/p>\n<hr \/>\n<p><img loading=\"lazy\" decoding=\"async\" class=\"alignnone size-full wp-image-525\" src=\"https:\/\/myweeride.pl\/wp-content\/uploads\/2016\/03\/bemowo.jpg\" alt=\"\" width=\"255\" height=\"91\" \/><br \/><strong>Warszawa Bemowo\u00a0<\/strong>ul.Dywizjonu 303 119a, tel.: 884 799 047 \/\u00a0509 151 702 \/ e-mail: bemowo.wypozycz.bagaznik@gmail.com<\/p>\n<hr \/>\n<p><img loading=\"lazy\" decoding=\"async\" class=\"alignnone wp-image-542\" src=\"https:\/\/myweeride.pl\/wp-content\/uploads\/2016\/03\/mirapol.jpg\" alt=\"\" width=\"234\" height=\"89\" \/><br \/><strong>Gd\u00f3w<\/strong> 669, e-mail: sklep@mirapolnext.pl \/\u00a0Tel: 12 312 53 10 \/ www.mirapolnext.pl<\/p>\n<hr \/>\n<p><img loading=\"lazy\" decoding=\"async\" class=\"alignnone size-full wp-image-554\" src=\"https:\/\/myweeride.pl\/wp-content\/uploads\/2016\/03\/sporti.png\" alt=\"\" width=\"239\" height=\"51\" \/><br \/><strong>Rzesz\u00f3w<\/strong> ul. Lubelska 50, tel.:\u00a017 787 61 35, e-mail:\u00a0sklep@sporti.pl<\/p>\n<hr \/>\n<p><img loading=\"lazy\" decoding=\"async\" class=\"alignnone size-full wp-image-543\" src=\"https:\/\/myweeride.pl\/wp-content\/uploads\/2016\/03\/mkbike.jpg\" alt=\"\" width=\"125\" height=\"65\" \/><br \/><strong>Sosnowiec<\/strong>\u00a0ul. Ostrog\u00f3rska 3, tel.:\u00a0515187558, e-mail:\u00a0sklep@mkbike.com.pl, www.dobrerowery.com<br \/><strong>Jaworzno<\/strong>\u00a0ul. Grunwaldzka 137,\u00a0tel. 502849994<br \/><strong>Gdynia<\/strong>\u00a0ul. Brzechwy 11,\u00a0tel.: 502514699<\/p>\n<hr \/>\n<p><img loading=\"lazy\" decoding=\"async\" class=\"alignnone size-full wp-image-517\" src=\"https:\/\/myweeride.pl\/wp-content\/uploads\/2016\/03\/zawojski.jpg\" alt=\"\" width=\"282\" height=\"50\" \/><br \/><strong>Sucha Beskidzka<\/strong>\u00a0<span>ul. Mickiewicza 65,\u00a0tel.666 15 16 15 \u00a0 tel.606 15 16 15, e-mail: sklep@zawojski.pl, www.zawojski.pl<br \/><\/span><\/p>\n<hr \/>\n<p><span><\/span><br \/><img loading=\"lazy\" decoding=\"async\" class=\"alignnone size-medium wp-image-529\" src=\"https:\/\/myweeride.pl\/wp-content\/uploads\/2016\/03\/czarodziej-1-300x88.jpg\" alt=\"\" width=\"300\" height=\"88\" srcset=\"https:\/\/myweeride.pl\/wp-content\/uploads\/2016\/03\/czarodziej-1-300x88.jpg 300w, https:\/\/myweeride.pl\/wp-content\/uploads\/2016\/03\/czarodziej-1.jpg 350w\" sizes=\"(max-width: 300px) 100vw, 300px\" \/><br \/><strong>Krak\u00f3w<\/strong>\u00a0os. Z\u0142otej Jesieni 13b, tel.:\u00a0602 50 36 51, e-mail:\u00a0sklep@czarodziej.eu<\/p>\n<hr \/>\n<p><img loading=\"lazy\" decoding=\"async\" class=\"alignnone size-medium wp-image-564\" src=\"https:\/\/myweeride.pl\/wp-content\/uploads\/2016\/03\/centrum-sportu-1-300x61.jpg\" alt=\"\" width=\"300\" height=\"61\" srcset=\"https:\/\/myweeride.pl\/wp-content\/uploads\/2016\/03\/centrum-sportu-1-300x61.jpg 300w, https:\/\/myweeride.pl\/wp-content\/uploads\/2016\/03\/centrum-sportu-1.jpg 500w\" sizes=\"(max-width: 300px) 100vw, 300px\" \/><br \/><strong>W\u0119grzce Wielkie k\/Krakowa<\/strong>, tel.:\u00a0696073312, 604436758, e-mail:\u00a0sklep@centrumsportu.eu, www.centrumsportu.eu<\/p>\n<hr \/>\n<p><img loading=\"lazy\" decoding=\"async\" class=\"alignnone size-medium wp-image-540\" src=\"https:\/\/myweeride.pl\/wp-content\/uploads\/2016\/03\/mamplus-1-300x94.png\" alt=\"\" width=\"300\" height=\"94\" srcset=\"https:\/\/myweeride.pl\/wp-content\/uploads\/2016\/03\/mamplus-1-300x94.png 300w, https:\/\/myweeride.pl\/wp-content\/uploads\/2016\/03\/mamplus-1.png 360w\" sizes=\"(max-width: 300px) 100vw, 300px\" \/><br \/><strong>Strzebielino\u00a0<\/strong>ul. Sienkiewicza 21a,\u00a0tel. 58 736 45 23, e-mail:\u00a0sklep@mamaplus.pl, www.mamaplus.pl<\/p>\n<hr \/>\n<p><img loading=\"lazy\" decoding=\"async\" class=\"alignnone size-full wp-image-544\" src=\"https:\/\/myweeride.pl\/wp-content\/uploads\/2016\/03\/mulan.png\" alt=\"\" width=\"268\" height=\"100\" \/><br \/><strong>\u0141\u00f3d\u017a<\/strong>\u00a0ul. Traktorowa 148\/158, tel.:\u00a0422760356, 504695641, e-mail:\u00a0mulan@mulan.pl, www.mulan.pl<\/p>\n<hr \/>\n<p><img loading=\"lazy\" decoding=\"async\" class=\"alignnone size-medium wp-image-568\" src=\"https:\/\/myweeride.pl\/wp-content\/uploads\/2016\/03\/wedrowiec-300x45.jpg\" alt=\"\" width=\"300\" height=\"45\" srcset=\"https:\/\/myweeride.pl\/wp-content\/uploads\/2016\/03\/wedrowiec-300x45.jpg 300w, https:\/\/myweeride.pl\/wp-content\/uploads\/2016\/03\/wedrowiec-768x115.jpg 768w, https:\/\/myweeride.pl\/wp-content\/uploads\/2016\/03\/wedrowiec.jpg 1000w\" sizes=\"(max-width: 300px) 100vw, 300px\" \/><br \/><strong>Ole\u015bnica\u00a0<\/strong><span>ul.Wielkopolna 34,\u00a0tel. 600 294 705,\u00a0biuro@e-wedrowiec.pl, www.sklep-wedrowiec.pl<br \/><\/span><\/p>\n<hr \/>\n<p><img loading=\"lazy\" decoding=\"async\" class=\"alignnone size-full wp-image-515\" src=\"https:\/\/myweeride.pl\/wp-content\/uploads\/2016\/03\/valcoo-1.png\" alt=\"\" width=\"240\" height=\"77\" \/><\/p>\n<p><strong>Harklowa<\/strong>\u00a0tel. +48 18 534 09 34,\u00a0email: sklep@valcoobaby.pl, www.valcoobaby.pl<\/p>\n<hr \/>\n<p>\u00a0<\/p>\n<p>[\/et_pb_text][\/et_pb_column][\/et_pb_row][\/et_pb_section]<\/p>\n","protected":false},"excerpt":{"rendered":"<p>Ponad 400 sklep\u00f3w w ca\u0142ej Polscetel.: 22 12 23 100 \/ 801 080 114 \/ e-mail: esklep@mediaexpert.pl , www.mediaexpert.pl tel.:\u00a022 122 33 00 \/\u00a0801 080 247 \/ e-mail: sklep@avans.pl , www.avans.pl tel.: 801 080 167 \/ 22 122 32 00 \/ 22 122 32 00 \/ www.electro.pl Warszawa &#8211; Ursyn\u00f3w,\u00a0ul. Bociania 27, e-mail: sklep@nonstopsport.pl , [&hellip;]<\/p>\n","protected":false},"author":1,"featured_media":0,"parent":0,"menu_order":0,"comment_status":"closed","ping_status":"closed","template":"","meta":{"_et_pb_use_builder":"on","_et_pb_old_content":"","_et_gb_content_width":"","footnotes":""},"class_list":["post-56","page","type-page","status-publish","hentry"],"aioseo_notices":[],"_links":{"self":[{"href":"https:\/\/myweeride.pl\/index.php\/wp-json\/wp\/v2\/pages\/56","targetHints":{"allow":["GET"]}}],"collection":[{"href":"https:\/\/myweeride.pl\/index.php\/wp-json\/wp\/v2\/pages"}],"about":[{"href":"https:\/\/myweeride.pl\/index.php\/wp-json\/wp\/v2\/types\/page"}],"author":[{"embeddable":true,"href":"https:\/\/myweeride.pl\/index.php\/wp-json\/wp\/v2\/users\/1"}],"replies":[{"embeddable":true,"href":"https:\/\/myweeride.pl\/index.php\/wp-json\/wp\/v2\/comments?post=56"}],"version-history":[{"count":13,"href":"https:\/\/myweeride.pl\/index.php\/wp-json\/wp\/v2\/pages\/56\/revisions"}],"predecessor-version":[{"id":585,"href":"https:\/\/myweeride.pl\/index.php\/wp-json\/wp\/v2\/pages\/56\/revisions\/585"}],"wp:attachment":[{"href":"https:\/\/myweeride.pl\/index.php\/wp-json\/wp\/v2\/media?parent=56"}],"curies":[{"name":"wp","href":"https:\/\/api.w.org\/{rel}","templated":true}]}}