{"id":487,"date":"2017-03-23T09:46:05","date_gmt":"2017-03-23T08:46:05","guid":{"rendered":"http:\/\/myweeride.pl\/?page_id=487"},"modified":"2017-03-23T09:46:05","modified_gmt":"2017-03-23T08:46:05","slug":"kaski-rowerowe","status":"publish","type":"page","link":"https:\/\/myweeride.pl\/index.php\/kaski-rowerowe\/","title":{"rendered":"Kaski rowerowe"},"content":{"rendered":"<p>[et_pb_section admin_label=&#8221;section&#8221;][et_pb_row admin_label=&#8221;row&#8221;][et_pb_column type=&#8221;1_2&#8243;][et_pb_text admin_label=&#8221;Tekst&#8221; background_layout=&#8221;light&#8221; text_orientation=&#8221;left&#8221; use_border_color=&#8221;off&#8221; border_color=&#8221;#ffffff&#8221; border_style=&#8221;solid&#8221;]<\/p>\n<p><strong>Kask rowerowy WeeRide<\/strong><\/p>\n<p>Wysokiej jako\u015bci kask rowerowy dla Twojego dziecka zapewnia pe\u0142ne bezpiecze\u0144stwo podczas wsp\u00f3lnych podr\u00f3\u017cy.<\/p>\n<p>Bardzo atrakcyjny kszta\u0142t i malowanie.<\/p>\n<p>Spe\u0142nia wszystkie normy bezpiecze\u0144stwa i jako\u015bci produkt\u00f3w Europejskich.<\/p>\n<p>Zgodny z Europejskimi standardami bezpiecze\u0144stwa: EN 1078:2012<\/p>\n<p>Posiada znak bezpiecze\u0144stwa CE<\/p>\n<p>Posiada certyfikat TUV<\/p>\n<p>Dost\u0119pny w kolorach: czarny, niebieski, r\u00f3\u017cowy<\/p>\n<p>[\/et_pb_text][\/et_pb_column][et_pb_column type=&#8221;1_2&#8243;][et_pb_slider admin_label=&#8221;Slider&#8221; show_arrows=&#8221;on&#8221; show_pagination=&#8221;on&#8221; auto=&#8221;on&#8221; auto_speed=&#8221;4000&#8243; auto_ignore_hover=&#8221;off&#8221; parallax=&#8221;off&#8221; parallax_method=&#8221;off&#8221; remove_inner_shadow=&#8221;on&#8221; background_position=&#8221;default&#8221; background_size=&#8221;default&#8221; hide_content_on_mobile=&#8221;off&#8221; hide_cta_on_mobile=&#8221;off&#8221; show_image_video_mobile=&#8221;off&#8221; custom_button=&#8221;off&#8221; button_letter_spacing=&#8221;0&#8243; button_use_icon=&#8221;default&#8221; button_icon_placement=&#8221;right&#8221; button_on_hover=&#8221;on&#8221; button_letter_spacing_hover=&#8221;0&#8243;] [et_pb_slide background_position=&#8221;default&#8221; background_size=&#8221;default&#8221; background_color=&#8221;#ffffff&#8221; image=&#8221;https:\/\/myweeride.pl\/wp-content\/uploads\/2017\/03\/WR-kask2.jpg&#8221; use_bg_overlay=&#8221;off&#8221; use_text_overlay=&#8221;off&#8221; alignment=&#8221;center&#8221; background_layout=&#8221;dark&#8221; allow_player_pause=&#8221;off&#8221; text_border_radius=&#8221;3&#8243; header_font_select=&#8221;default&#8221; header_font=&#8221;||||&#8221; body_font_select=&#8221;default&#8221; body_font=&#8221;||||&#8221; custom_button=&#8221;off&#8221; button_font_select=&#8221;default&#8221; button_font=&#8221;||||&#8221; button_use_icon=&#8221;default&#8221; button_icon_placement=&#8221;right&#8221; button_on_hover=&#8221;on&#8221;]<\/p>\n<p>[object HTMLBodyElement]<\/p>\n<p>[\/et_pb_slide][et_pb_slide background_position=&#8221;default&#8221; background_size=&#8221;default&#8221; background_color=&#8221;#ffffff&#8221; image=&#8221;https:\/\/myweeride.pl\/wp-content\/uploads\/2017\/03\/WR-kask3.jpg&#8221; use_bg_overlay=&#8221;off&#8221; use_text_overlay=&#8221;off&#8221; alignment=&#8221;center&#8221; background_layout=&#8221;dark&#8221; allow_player_pause=&#8221;off&#8221; text_border_radius=&#8221;3&#8243; header_font_select=&#8221;default&#8221; header_font=&#8221;||||&#8221; body_font_select=&#8221;default&#8221; body_font=&#8221;||||&#8221; custom_button=&#8221;off&#8221; button_font_select=&#8221;default&#8221; button_font=&#8221;||||&#8221; button_use_icon=&#8221;default&#8221; button_icon_placement=&#8221;right&#8221; button_on_hover=&#8221;on&#8221;]<\/p>\n<p>[object HTMLBodyElement]<\/p>\n<p>[\/et_pb_slide][et_pb_slide background_position=&#8221;default&#8221; background_size=&#8221;default&#8221; background_color=&#8221;#ffffff&#8221; image=&#8221;https:\/\/myweeride.pl\/wp-content\/uploads\/2017\/03\/WR-kask1.jpg&#8221; use_bg_overlay=&#8221;off&#8221; use_text_overlay=&#8221;off&#8221; alignment=&#8221;center&#8221; background_layout=&#8221;dark&#8221; allow_player_pause=&#8221;off&#8221; text_border_radius=&#8221;3&#8243; header_font_select=&#8221;default&#8221; header_font=&#8221;||||&#8221; body_font_select=&#8221;default&#8221; body_font=&#8221;||||&#8221; custom_button=&#8221;off&#8221; button_font_select=&#8221;default&#8221; button_font=&#8221;||||&#8221; button_use_icon=&#8221;default&#8221; button_icon_placement=&#8221;right&#8221; button_on_hover=&#8221;on&#8221;] [\/et_pb_slide] [\/et_pb_slider][\/et_pb_column][\/et_pb_row][\/et_pb_section]<\/p>\n","protected":false},"excerpt":{"rendered":"<p>Kask rowerowy WeeRide Wysokiej jako\u015bci kask rowerowy dla Twojego dziecka zapewnia pe\u0142ne bezpiecze\u0144stwo podczas wsp\u00f3lnych podr\u00f3\u017cy. Bardzo atrakcyjny kszta\u0142t i malowanie. Spe\u0142nia wszystkie normy bezpiecze\u0144stwa i jako\u015bci produkt\u00f3w Europejskich. Zgodny z Europejskimi standardami bezpiecze\u0144stwa: EN 1078:2012 Posiada znak bezpiecze\u0144stwa CE Posiada certyfikat TUV Dost\u0119pny w kolorach: czarny, niebieski, r\u00f3\u017cowy [object HTMLBodyElement] [object HTMLBodyElement]<\/p>\n","protected":false},"author":1,"featured_media":0,"parent":0,"menu_order":0,"comment_status":"closed","ping_status":"closed","template":"","meta":{"_et_pb_use_builder":"on","_et_pb_old_content":"","_et_gb_content_width":"","footnotes":""},"class_list":["post-487","page","type-page","status-publish","hentry"],"aioseo_notices":[],"_links":{"self":[{"href":"https:\/\/myweeride.pl\/index.php\/wp-json\/wp\/v2\/pages\/487","targetHints":{"allow":["GET"]}}],"collection":[{"href":"https:\/\/myweeride.pl\/index.php\/wp-json\/wp\/v2\/pages"}],"about":[{"href":"https:\/\/myweeride.pl\/index.php\/wp-json\/wp\/v2\/types\/page"}],"author":[{"embeddable":true,"href":"https:\/\/myweeride.pl\/index.php\/wp-json\/wp\/v2\/users\/1"}],"replies":[{"embeddable":true,"href":"https:\/\/myweeride.pl\/index.php\/wp-json\/wp\/v2\/comments?post=487"}],"version-history":[{"count":1,"href":"https:\/\/myweeride.pl\/index.php\/wp-json\/wp\/v2\/pages\/487\/revisions"}],"predecessor-version":[{"id":491,"href":"https:\/\/myweeride.pl\/index.php\/wp-json\/wp\/v2\/pages\/487\/revisions\/491"}],"wp:attachment":[{"href":"https:\/\/myweeride.pl\/index.php\/wp-json\/wp\/v2\/media?parent=487"}],"curies":[{"name":"wp","href":"https:\/\/api.w.org\/{rel}","templated":true}]}}