{"id":470,"date":"2017-03-22T20:10:06","date_gmt":"2017-03-22T19:10:06","guid":{"rendered":"http:\/\/myweeride.pl\/?page_id=470"},"modified":"2017-03-22T20:34:38","modified_gmt":"2017-03-22T19:34:38","slug":"przyczepka-rowerowa-buggy-go","status":"publish","type":"page","link":"https:\/\/myweeride.pl\/index.php\/przyczepka-rowerowa-buggy-go\/","title":{"rendered":"Przyczepka rowerowa BUGGY GO"},"content":{"rendered":"<p>[et_pb_section admin_label=&#8221;section&#8221;][et_pb_row admin_label=&#8221;row&#8221;][et_pb_column type=&#8221;1_2&#8243;][et_pb_text admin_label=&#8221;Tekst&#8221; background_layout=&#8221;light&#8221; text_orientation=&#8221;left&#8221; use_border_color=&#8221;off&#8221; border_color=&#8221;#ffffff&#8221; border_style=&#8221;solid&#8221;]<\/p>\n<p><strong>Przyczepka rowerowa WeeRide BUGGY GO 3w1 to doczepka, w\u00f3zek i jogger w jednym.<\/strong><\/p>\n<p>Przyczepa rowerowa WeeRide BUGGY GO to \u015bwietny spos\u00f3b, aby dzieci zabra\u0107 z Tob\u0105 na spacer, na zakupy, do biegania lub na przeja\u017cd\u017ck\u0119 rowerow\u0105. Przyczepk\u0119 Deluxe \u0142atwo przymocowa\u0107 do roweru dla okazjonalnych przeja\u017cd\u017cek lub na ka\u017cdy dzie\u0144 podr\u00f3\u017cy. Bardzo szybko i \u0142atwo mo\u017cne by\u0107 zamieniona na w\u00f3zek do spacer\u00f3w po parku lub centrum handlowym albo do joggingu lub szybkiego biegu w ci\u0105gu dnia. Posiada pe\u0142n\u0105 klatk\u0119 aluminiowa i wy\u015bcie\u0142ane szelki bezpiecze\u0144stwa, aby mie\u0107 pewno\u015b\u0107, \u017ce dzieci b\u0119d\u0105 bezpieczne w ka\u017cdej chwili. Weeride BUGGY GO jest gotowy do u\u017cytku i nie wymaga \u017cadnego monta\u017cu.<\/p>\n<p>[\/et_pb_text][\/et_pb_column][et_pb_column type=&#8221;1_2&#8243;][et_pb_slider admin_label=&#8221;Slider&#8221; show_arrows=&#8221;on&#8221; show_pagination=&#8221;on&#8221; auto=&#8221;on&#8221; auto_speed=&#8221;4000&#8243; auto_ignore_hover=&#8221;off&#8221; parallax=&#8221;off&#8221; parallax_method=&#8221;off&#8221; remove_inner_shadow=&#8221;on&#8221; background_position=&#8221;default&#8221; background_size=&#8221;default&#8221; hide_content_on_mobile=&#8221;off&#8221; hide_cta_on_mobile=&#8221;off&#8221; show_image_video_mobile=&#8221;off&#8221; custom_button=&#8221;off&#8221; button_letter_spacing=&#8221;0&#8243; button_use_icon=&#8221;default&#8221; button_icon_placement=&#8221;right&#8221; button_on_hover=&#8221;on&#8221; button_letter_spacing_hover=&#8221;0&#8243;] [et_pb_slide background_position=&#8221;default&#8221; background_size=&#8221;default&#8221; background_color=&#8221;#ffffff&#8221; image=&#8221;https:\/\/myweeride.pl\/wp-content\/uploads\/2017\/03\/buggy-go3.jpg&#8221; use_bg_overlay=&#8221;off&#8221; use_text_overlay=&#8221;off&#8221; alignment=&#8221;center&#8221; background_layout=&#8221;dark&#8221; allow_player_pause=&#8221;off&#8221; text_border_radius=&#8221;3&#8243; header_font_select=&#8221;default&#8221; header_font=&#8221;||||&#8221; body_font_select=&#8221;default&#8221; body_font=&#8221;||||&#8221; custom_button=&#8221;off&#8221; button_font_select=&#8221;default&#8221; button_font=&#8221;||||&#8221; button_use_icon=&#8221;default&#8221; button_icon_placement=&#8221;right&#8221; button_on_hover=&#8221;on&#8221;] [\/et_pb_slide][et_pb_slide background_position=&#8221;default&#8221; background_size=&#8221;default&#8221; background_color=&#8221;#ffffff&#8221; image=&#8221;https:\/\/myweeride.pl\/wp-content\/uploads\/2017\/03\/buggy-go2.jpg&#8221; use_bg_overlay=&#8221;off&#8221; use_text_overlay=&#8221;off&#8221; alignment=&#8221;center&#8221; background_layout=&#8221;dark&#8221; allow_player_pause=&#8221;off&#8221; text_border_radius=&#8221;3&#8243; header_font_select=&#8221;default&#8221; header_font=&#8221;||||&#8221; body_font_select=&#8221;default&#8221; body_font=&#8221;||||&#8221; custom_button=&#8221;off&#8221; button_font_select=&#8221;default&#8221; button_font=&#8221;||||&#8221; button_use_icon=&#8221;default&#8221; button_icon_placement=&#8221;right&#8221; button_on_hover=&#8221;on&#8221;] [\/et_pb_slide][et_pb_slide background_position=&#8221;default&#8221; background_size=&#8221;default&#8221; background_color=&#8221;#ffffff&#8221; image=&#8221;https:\/\/myweeride.pl\/wp-content\/uploads\/2017\/03\/buggy-go1.jpg&#8221; use_bg_overlay=&#8221;off&#8221; use_text_overlay=&#8221;off&#8221; alignment=&#8221;center&#8221; background_layout=&#8221;dark&#8221; allow_player_pause=&#8221;off&#8221; text_border_radius=&#8221;3&#8243; header_font_select=&#8221;default&#8221; header_font=&#8221;||||&#8221; body_font_select=&#8221;default&#8221; body_font=&#8221;||||&#8221; custom_button=&#8221;off&#8221; button_font_select=&#8221;default&#8221; button_font=&#8221;||||&#8221; button_use_icon=&#8221;default&#8221; button_icon_placement=&#8221;right&#8221; button_on_hover=&#8221;on&#8221;][object HTMLBodyElement][\/et_pb_slide] [\/et_pb_slider][\/et_pb_column][\/et_pb_row][\/et_pb_section][et_pb_section admin_label=&#8221;section&#8221;][et_pb_row admin_label=&#8221;row&#8221;][et_pb_column type=&#8221;1_2&#8243;][et_pb_image admin_label=&#8221;Obraz&#8221; src=&#8221;https:\/\/myweeride.pl\/wp-content\/uploads\/2017\/03\/buggy-go3_Edited.jpg&#8221; show_in_lightbox=&#8221;off&#8221; url_new_window=&#8221;off&#8221; use_overlay=&#8221;off&#8221; animation=&#8221;left&#8221; sticky=&#8221;off&#8221; align=&#8221;left&#8221; force_fullwidth=&#8221;off&#8221; always_center_on_mobile=&#8221;on&#8221; use_border_color=&#8221;off&#8221; border_color=&#8221;#ffffff&#8221; border_style=&#8221;solid&#8221;] [\/et_pb_image][et_pb_image admin_label=&#8221;Obraz&#8221; src=&#8221;https:\/\/myweeride.pl\/wp-content\/uploads\/2017\/03\/buggy-go2_Edited.jpg&#8221; show_in_lightbox=&#8221;off&#8221; url_new_window=&#8221;off&#8221; use_overlay=&#8221;off&#8221; animation=&#8221;left&#8221; sticky=&#8221;off&#8221; align=&#8221;left&#8221; force_fullwidth=&#8221;off&#8221; always_center_on_mobile=&#8221;on&#8221; use_border_color=&#8221;off&#8221; border_color=&#8221;#ffffff&#8221; border_style=&#8221;solid&#8221;] [\/et_pb_image][et_pb_image admin_label=&#8221;Obraz&#8221; src=&#8221;https:\/\/myweeride.pl\/wp-content\/uploads\/2017\/03\/buggy-go1_Edited.jpg&#8221; show_in_lightbox=&#8221;off&#8221; url_new_window=&#8221;off&#8221; use_overlay=&#8221;off&#8221; animation=&#8221;left&#8221; sticky=&#8221;off&#8221; align=&#8221;left&#8221; force_fullwidth=&#8221;off&#8221; always_center_on_mobile=&#8221;on&#8221; use_border_color=&#8221;off&#8221; border_color=&#8221;#ffffff&#8221; border_style=&#8221;solid&#8221;] [\/et_pb_image][\/et_pb_column][et_pb_column type=&#8221;1_2&#8243;][et_pb_text admin_label=&#8221;Tekst&#8221; background_layout=&#8221;light&#8221; text_orientation=&#8221;left&#8221; use_border_color=&#8221;off&#8221; border_color=&#8221;#ffffff&#8221; border_style=&#8221;solid&#8221;]<\/p>\n<p><strong>Zalety:<\/strong><\/p>\n<ul>\n<li>Najnowszy model przyczepki 3 w 1 najwy\u017cszej jakosci<\/li>\n<li>\u0141atwo przekszta\u0142ci\u0107 przyczepk\u0119 rowerow\u0105 na w\u00f3zek lub Jogger<\/li>\n<li>Aluminiowa rama zapewnia wyj\u0105tkow\u0105 lekkos\u0107 konstrukcji<\/li>\n<li>Aluminiowe felgi k\u00f3\u0142 w kolorze czarnym.<\/li>\n<li>Idealna dla dw\u00f3jki dzieci lub jednego<\/li>\n<li>Piasty k\u00f3\u0142 stalowe zapewniaj\u0105 odpowiedni\u0105 stabilizacj\u0119<\/li>\n<li>\u0141atwa aktywacja hamulca postojowego.<\/li>\n<li>5-punktowe pasy bezpiecze\u0144stwa<\/li>\n<li>20\u2033 tylne ko\u0142a i 16\u2033 ko\u0142o przednie dla joggera<\/li>\n<li>Szprychy ze stali nierdzewnej<\/li>\n<li>Ma\u0142e k\u00f3\u0142ko obrotowe dla opcji w\u00f3zka<\/li>\n<li>Zderzaki przednie z aluminiowych rurek.<\/li>\n<li>Szybko odczepiane ko\u0142a, wystarczy tylko nacisn\u0105\u0107.<\/li>\n<li>Sk\u0142ada si\u0119 bardzo \u0142atwo i szybko.<\/li>\n<li>\u0141atwy do przewo\u017cenia i magazynowania.<\/li>\n<li>W pe\u0142ni regulowane bez u\u017cycia narz\u0119dzi.<\/li>\n<li>Kieszenie na napoje lub drobiazgi.<\/li>\n<li>Rolowana os\u0142ona przeciwdeszczowa.<\/li>\n<li>Baga\u017cnik z ty\u0142u przyczepki.<\/li>\n<li>Flaga bezpiecze\u0144stwa.<\/li>\n<li>Odblaski na ko\u0142ach.<\/li>\n<li>Pasek na nadgarstek zapewnia \u0142\u0105czno\u015b\u0107 podczas spacer\u00f3w lub joggingu.<\/li>\n<li>\u0141atwo si\u0119 doczepia do ka\u017cdego roweru.<\/li>\n<li>Pe\u0142na waga w\u00f3zka z ko\u0142ami: 16kg.<\/li>\n<\/ul>\n<div>Spe\u0142nia Normy bezpiecze\u0144stwa ASTM:<\/div>\n<div>\u2022 F1975-09 Bicycle Trailer Designed for Human Passengers<\/div>\n<div>\u2022 F833-13b Safety Performance Specifications for Carriages and Strollers<\/div>\n<div><\/div>\n<p>Spe\u0142nia normy bezpiecze\u0144stwa UE dla przyczep rowerowych i w\u00f3zk:\u00f3w<\/p>\n<div>\u2022 PN-EN 15918: 2011<\/div>\n<div>\u2022 EN A1: 2013<\/div>\n<p>\u2022 EN 188: 2012<\/p>\n<div>D\u0142ugo\u015b\u0107: 110cm<\/div>\n<p>Szeroko\u015b\u0107: 82cm \/ 62cm z ko\u0142ami i bez k\u00f3\u0142<\/p>\n<p>Wysokos\u0107: 112cm \/ 96cm z kierownic\u0105 i bez kierownicy<\/p>\n<p>Wymiary pude\u0142ka: 124 x 30 x 64 cm<\/p>\n<p>[\/et_pb_text][\/et_pb_column][\/et_pb_row][\/et_pb_section]<\/p>\n","protected":false},"excerpt":{"rendered":"<p>Przyczepka rowerowa WeeRide BUGGY GO 3w1 to doczepka, w\u00f3zek i jogger w jednym. Przyczepa rowerowa WeeRide BUGGY GO to \u015bwietny spos\u00f3b, aby dzieci zabra\u0107 z Tob\u0105 na spacer, na zakupy, do biegania lub na przeja\u017cd\u017ck\u0119 rowerow\u0105. Przyczepk\u0119 Deluxe \u0142atwo przymocowa\u0107 do roweru dla okazjonalnych przeja\u017cd\u017cek lub na ka\u017cdy dzie\u0144 podr\u00f3\u017cy. Bardzo szybko i \u0142atwo mo\u017cne [&hellip;]<\/p>\n","protected":false},"author":1,"featured_media":0,"parent":0,"menu_order":0,"comment_status":"closed","ping_status":"closed","template":"","meta":{"_et_pb_use_builder":"on","_et_pb_old_content":"","_et_gb_content_width":"","footnotes":""},"class_list":["post-470","page","type-page","status-publish","hentry"],"aioseo_notices":[],"_links":{"self":[{"href":"https:\/\/myweeride.pl\/index.php\/wp-json\/wp\/v2\/pages\/470","targetHints":{"allow":["GET"]}}],"collection":[{"href":"https:\/\/myweeride.pl\/index.php\/wp-json\/wp\/v2\/pages"}],"about":[{"href":"https:\/\/myweeride.pl\/index.php\/wp-json\/wp\/v2\/types\/page"}],"author":[{"embeddable":true,"href":"https:\/\/myweeride.pl\/index.php\/wp-json\/wp\/v2\/users\/1"}],"replies":[{"embeddable":true,"href":"https:\/\/myweeride.pl\/index.php\/wp-json\/wp\/v2\/comments?post=470"}],"version-history":[{"count":8,"href":"https:\/\/myweeride.pl\/index.php\/wp-json\/wp\/v2\/pages\/470\/revisions"}],"predecessor-version":[{"id":485,"href":"https:\/\/myweeride.pl\/index.php\/wp-json\/wp\/v2\/pages\/470\/revisions\/485"}],"wp:attachment":[{"href":"https:\/\/myweeride.pl\/index.php\/wp-json\/wp\/v2\/media?parent=470"}],"curies":[{"name":"wp","href":"https:\/\/api.w.org\/{rel}","templated":true}]}}