{"id":378,"date":"2016-03-13T19:36:31","date_gmt":"2016-03-13T18:36:31","guid":{"rendered":"http:\/\/myweeride.pl\/?page_id=378"},"modified":"2017-03-21T12:27:30","modified_gmt":"2017-03-21T11:27:30","slug":"rower-doczepiany-pro-pilot-2","status":"publish","type":"page","link":"https:\/\/myweeride.pl\/index.php\/rower-doczepiany-pro-pilot-2\/","title":{"rendered":"Rower doczepiany Pro Pilot"},"content":{"rendered":"<p>[et_pb_section admin_label=&#8221;section&#8221;][et_pb_row admin_label=&#8221;row&#8221;][et_pb_column type=&#8221;1_2&#8243;][et_pb_text admin_label=&#8221;Tekst&#8221; background_layout=&#8221;light&#8221; text_orientation=&#8221;left&#8221; use_border_color=&#8221;off&#8221; border_color=&#8221;#ffffff&#8221; border_style=&#8221;solid&#8221;]<\/p>\n<h1><strong>WeeRide Pro Pilot aluminium\u00a0<\/strong>\u2013 rower doczepiany [przyczepka, doczepka, hol]<\/h1>\n<p><strong>WeeRide Pro-Pilot<\/strong> jest jednoko\u0142owym rowerem dla Twojego dziecka, kt\u00f3ry do\u0142\u0105czasz pod siode\u0142ko do swojego roweru. To jakby zamiana roweru w tandem, dzi\u0119ki temu pozwalasz dziecku na jazd\u0119 razem z Tob\u0105.<\/p>\n<p><strong>Zabawa, komfort i bezpiecze\u0144stwo Twojego dziecka!<\/strong><\/p>\n<p><strong>WeeRide Pro-Pilot<\/strong> to po prostu najlepsze jednoko\u0142owe rowery dla dzieci, kt\u00f3re w najbardziej przyjazny spos\u00f3b daj\u0105 Twojemu dziecku wspania\u0142e do\u015bwiadczenie z jazdy na rowerze.<\/p>\n<p><strong>Takich dozna\u0144 w \u017caden spos\u00f3b nie s\u0105 w stanie oferowa\u0107 inne akcesoria rowerowe!<\/strong><\/p>\n<p>[\/et_pb_text][et_pb_image admin_label=&#8221;Obraz&#8221; src=&#8221;https:\/\/myweeride.pl\/wp-content\/uploads\/2016\/03\/Pro-Pilot-with-Bike_Resized.jpg&#8221; show_in_lightbox=&#8221;off&#8221; url_new_window=&#8221;off&#8221; use_overlay=&#8221;off&#8221; animation=&#8221;left&#8221; sticky=&#8221;off&#8221; align=&#8221;left&#8221; force_fullwidth=&#8221;off&#8221; always_center_on_mobile=&#8221;on&#8221; use_border_color=&#8221;off&#8221; border_color=&#8221;#ffffff&#8221; border_style=&#8221;solid&#8221;] [\/et_pb_image][et_pb_text admin_label=&#8221;Tekst&#8221; background_layout=&#8221;light&#8221; text_orientation=&#8221;left&#8221; use_border_color=&#8221;off&#8221; border_color=&#8221;#ffffff&#8221; border_style=&#8221;solid&#8221; text_font_size=&#8221;20&#8243;]<\/p>\n<p><strong>WeeRide Pro Pilot:<\/strong><\/p>\n<ul>\n<li>nowoczesny design<\/li>\n<li>aluminiowa rama<\/li>\n<li>super lekki<\/li>\n<li>waga tylko 8,75kg<\/li>\n<\/ul>\n<p>[\/et_pb_text][\/et_pb_column][et_pb_column type=&#8221;1_2&#8243;][et_pb_image admin_label=&#8221;Obraz&#8221; src=&#8221;https:\/\/myweeride.pl\/wp-content\/uploads\/2016\/03\/Pro-Pilot-Three-Quarter_Resized.jpg&#8221; show_in_lightbox=&#8221;off&#8221; url_new_window=&#8221;off&#8221; use_overlay=&#8221;off&#8221; animation=&#8221;left&#8221; sticky=&#8221;off&#8221; align=&#8221;left&#8221; force_fullwidth=&#8221;off&#8221; always_center_on_mobile=&#8221;on&#8221; use_border_color=&#8221;off&#8221; border_color=&#8221;#ffffff&#8221; border_style=&#8221;solid&#8221;] [\/et_pb_image][et_pb_text admin_label=&#8221;Tekst&#8221; background_layout=&#8221;light&#8221; text_orientation=&#8221;left&#8221; use_border_color=&#8221;off&#8221; border_color=&#8221;#ffffff&#8221; border_style=&#8221;solid&#8221;]<\/p>\n<p>Chcesz jecha\u0107 z rodzin\u0105 na przeja\u017cd\u017ck\u0119 rowerow\u0105? Twoje 4 letnie dziecko r\u00f3wnie\u017c chce jecha\u0107 ale jest za du\u017ce do fotelika, a je\u017adzi jeszcze zbyt wolno na swoim ma\u0142ym rowerku. Co robisz? Nowy <strong>WeeRide Pro-Pilot\u00a0<\/strong>jest odpowiedzi\u0105 na Twoje potrzeby. Doczepiaj\u0105c <strong>WeeRide Pro-Pilot<\/strong> do Twojego roweru sprawisz, \u017ce Twoje dziecko poczuje si\u0119 jak prawdziwy rowerzysta. Na swoim \u201edu\u017cym\u201d rowerze dziecko b\u0119dzie mog\u0142o jecha\u0107 tak szybko jak Ty. Mo\u017cecie wsp\u00f3lnie przemierza\u0107 szlaki rowerowe w r\u00f3wnym tempie.<\/p>\n<p><strong>WeeRide Pro-Pilot<\/strong> jest projektowany dla dzieci w wieku 4-10 lat. Dzieci mog\u0105 samodzielnie peda\u0142owa\u0107 w prz\u00f3d, do ty\u0142u lub wcale nie peda\u0142owa\u0107, je\u015bli np. jedziecie rozp\u0119dzeni. Je\u015bli potrzebujesz pomocy, bo jedziecie pod g\u00f3r\u0119 mo\u017cesz poprosi\u0107 swoje dziecko aby pomog\u0142o peda\u0142owa\u0107, dzieciaki to uwielbiaj\u0105.<\/p>\n<p>Wyposa\u017cony w system szybkiego zwolnienia, dzi\u0119ki kt\u00f3remu b\u0119dziesz m\u00f3g\u0142 natychmiast odpi\u0105\u0107 <strong>WeeRide Pro-Pilot <\/strong>od swojego roweru, je\u015bli tylko tego potrzebujesz. Ta fantastyczna cz\u0119\u015b\u0107 wyposa\u017cenia posiada nawet regulowan\u0105 kierownic\u0119, wygodne siode\u0142ko i dla bezpiecze\u0144stwa widoczn\u0105 chor\u0105giewk\u0119.<\/p>\n<p>[\/et_pb_text][\/et_pb_column][\/et_pb_row][\/et_pb_section][et_pb_section admin_label=&#8221;Sekcja&#8221; fullwidth=&#8221;off&#8221; specialty=&#8221;off&#8221;][et_pb_row admin_label=&#8221;Wiersz&#8221;][et_pb_column type=&#8221;1_3&#8243;][et_pb_toggle admin_label=&#8221;Zak\u0142adka rozwijana&#8221; title=&#8221;Korzy\u015bci&#8221; open=&#8221;off&#8221; use_border_color=&#8221;off&#8221; border_color=&#8221;#ffffff&#8221; border_style=&#8221;solid&#8221;]<\/p>\n<p>\u2013 Wsp\u00f3lna jazda razem z dzieckiem<br \/>\n\u2013 Dziecko jest bezpieczne, bo Ty kontrolujesz kierunek i pr\u0119dko\u015b\u0107 jazdy<br \/>\n\u2013 Jazda r\u00f3wnym tempem<br \/>\n\u2013 Brak przestoj\u00f3w, gdy dziecko nie ma si\u0142 peda\u0142owa\u0107<br \/>\n\u2013 Dziecko mo\u017ce peda\u0142owa\u0107 do przodu, do ty\u0142u lub odpoczywa\u0107<br \/>\n\u2013 Mo\u017cliwo\u015b\u0107 szybkiej i bezpiecznej jazdy<br \/>\n\u2013 Pro Pilot jest w\u0119\u017cszy od tradycyjnych przyczepek, wi\u0119c mo\u017cna jecha\u0107 w\u0105skimi \u015bcie\u017ckami<br \/>\n\u2013 Dziecko uczy si\u0119 utrzymywania r\u00f3wnowagi na rowerze<br \/>\n\u2013 Dziecko nauczy si\u0119 je\u017adzi\u0107 normalnym rowerem, bez potrzeby u\u017cywania k\u00f3\u0142ek bocznych<br \/>\n\u2013 \u015awietna zabawa razem z ma\u0142ym turyst\u0105<br \/>\n\u2013 Mo\u017cliwo\u015b\u0107 przeja\u017cd\u017cek nawet na d\u0142u\u017cszych trasach<br \/>\n\u2013 Dzieci s\u0105 zachwycone, gdy mog\u0105 towarzyszy\u0107 rodzicom w wyprawach rowerowych<\/p>\n<p>[\/et_pb_toggle][\/et_pb_column][et_pb_column type=&#8221;1_3&#8243;][et_pb_toggle admin_label=&#8221;Zak\u0142adka rozwijana&#8221; title=&#8221;Cechy produktu&#8221; open=&#8221;off&#8221; use_border_color=&#8221;off&#8221; border_color=&#8221;#ffffff&#8221; border_style=&#8221;solid&#8221;]<\/p>\n<p>\u2013\u00a0Opatentowany system Synk Link Pivot<br \/>\n\u2013 Opatentowany (Quick Release System) system szybkiego od\u0142\u0105czania od roweru rodzica.<br \/>\n\u2013 \u0141atwa korekta wysoko\u015bci siode\u0142ka<br \/>\n\u2013 Regulowana kierownica<br \/>\n\u2013 Proste w u\u017cyciu elementy daj\u0105 wi\u0119cej czasu na jazd\u0119, a mniej na przygotowanie<br \/>\n\u2013 Rodzic kontroluje sterowanie kierownic\u0105, pr\u0119dko\u015b\u0107 i hamowanie<br \/>\n\u2013 B\u0142otniki (przedni i tylny), chroni\u0105ce przed ochlapaniem dziecka<br \/>\n\u2013 Chor\u0105giewka dla bezpiecze\u0144stwa dziecka<br \/>\n\u2013 Mo\u017cliwo\u015b\u0107 sk\u0142adania Pro-Pilota, dzi\u0119ki czemu zajmuje ma\u0142o miejsca<br \/>\n\u2013 Mo\u017cliwo\u015b\u0107 przewo\u017cenia w baga\u017cniku samochodu<\/p>\n<p>[\/et_pb_toggle][\/et_pb_column][et_pb_column type=&#8221;1_3&#8243;][et_pb_toggle admin_label=&#8221;Zak\u0142adka rozwijana&#8221; title=&#8221;Specyfikacja&#8221; open=&#8221;off&#8221; use_border_color=&#8221;off&#8221; border_color=&#8221;#ffffff&#8221; border_style=&#8221;solid&#8221;]<\/p>\n<p>\u2013 Waga tylko 8,75 kg<br \/>\n\u2013 Pasuje praktycznie do wszystkich rower\u00f3w<br \/>\n\u2013 Mo\u017cliwo\u015b\u0107 przewo\u017cenia dzieci do 45 kg<br \/>\n\u2013 Stylowo zaprojektowana rama pasuje do wszystkich kolor\u00f3w roweru<br \/>\n\u2013 Zalecany dla dzieci w wieku 4-10 lat<br \/>\n\u2013 Rozmiar ko\u0142a Pro-Pilot 20\u2033<br \/>\n\u2013 Mocna rama pasuje do rower\u00f3w o wielko\u015bci k\u00f3\u0142 do 26\u2033, 27,5\u2033, 29\u2033, 700c<\/p>\n<p>&nbsp;<\/p>\n<p><strong>Dost\u0119pne r\u00f3\u017cne kolory:\u00a0czerwony oraz niebieski<\/strong><\/p>\n<p>[\/et_pb_toggle][\/et_pb_column][\/et_pb_row][\/et_pb_section]<\/p>\n","protected":false},"excerpt":{"rendered":"<p>WeeRide Pro Pilot aluminium\u00a0\u2013 rower doczepiany [przyczepka, doczepka, hol] WeeRide Pro-Pilot jest jednoko\u0142owym rowerem dla Twojego dziecka, kt\u00f3ry do\u0142\u0105czasz pod siode\u0142ko do swojego roweru. To jakby zamiana roweru w tandem, dzi\u0119ki temu pozwalasz dziecku na jazd\u0119 razem z Tob\u0105. Zabawa, komfort i bezpiecze\u0144stwo Twojego dziecka! WeeRide Pro-Pilot to po prostu najlepsze jednoko\u0142owe rowery dla dzieci, [&hellip;]<\/p>\n","protected":false},"author":1,"featured_media":0,"parent":0,"menu_order":0,"comment_status":"closed","ping_status":"closed","template":"","meta":{"_et_pb_use_builder":"on","_et_pb_old_content":"","_et_gb_content_width":"","footnotes":""},"class_list":["post-378","page","type-page","status-publish","hentry"],"aioseo_notices":[],"_links":{"self":[{"href":"https:\/\/myweeride.pl\/index.php\/wp-json\/wp\/v2\/pages\/378","targetHints":{"allow":["GET"]}}],"collection":[{"href":"https:\/\/myweeride.pl\/index.php\/wp-json\/wp\/v2\/pages"}],"about":[{"href":"https:\/\/myweeride.pl\/index.php\/wp-json\/wp\/v2\/types\/page"}],"author":[{"embeddable":true,"href":"https:\/\/myweeride.pl\/index.php\/wp-json\/wp\/v2\/users\/1"}],"replies":[{"embeddable":true,"href":"https:\/\/myweeride.pl\/index.php\/wp-json\/wp\/v2\/comments?post=378"}],"version-history":[{"count":7,"href":"https:\/\/myweeride.pl\/index.php\/wp-json\/wp\/v2\/pages\/378\/revisions"}],"predecessor-version":[{"id":461,"href":"https:\/\/myweeride.pl\/index.php\/wp-json\/wp\/v2\/pages\/378\/revisions\/461"}],"wp:attachment":[{"href":"https:\/\/myweeride.pl\/index.php\/wp-json\/wp\/v2\/media?parent=378"}],"curies":[{"name":"wp","href":"https:\/\/api.w.org\/{rel}","templated":true}]}}