{"id":269,"date":"2016-03-12T20:00:41","date_gmt":"2016-03-12T19:00:41","guid":{"rendered":"http:\/\/myweeride.pl\/?page_id=269"},"modified":"2016-03-13T22:30:49","modified_gmt":"2016-03-13T21:30:49","slug":"rowerek-biegowy","status":"publish","type":"page","link":"https:\/\/myweeride.pl\/index.php\/rowerek-biegowy\/","title":{"rendered":"Rowerek biegowy"},"content":{"rendered":"<p>[et_pb_section admin_label=&#8221;section&#8221;][et_pb_row admin_label=&#8221;row&#8221;][et_pb_column type=&#8221;1_2&#8243;][et_pb_text admin_label=&#8221;Tekst&#8221; background_layout=&#8221;light&#8221; text_orientation=&#8221;left&#8221; use_border_color=&#8221;off&#8221; border_color=&#8221;#ffffff&#8221; border_style=&#8221;solid&#8221;]<\/p>\n<p><strong>Rowerek biegowy WeeRide Learn2Ride<\/strong><br \/>\nRowerek biegowy to idealne rozwi\u0105zanie do nauki jazdy na rowerze i utrzymywania r\u00f3wnowagi. To fantastyczne rozwi\u0105zanie wygl\u0105da jak rower, ale bez korby i peda\u0142\u00f3w i ma na celu pom\u00f3c dziecku nauczy\u0107 si\u0119 podstaw r\u00f3wnowagi. Jak wiadomo podczas nauki jazdy na rowerze dziecko koncentruj\u0105c si\u0119 na peda\u0142owaniu nie mo\u017ce zapanowa\u0107 nad kierowaniem i utrzymywaniem r\u00f3wnowagi, co prowadzi do frustracji dzieci i rodzic\u00f3w! Dzi\u0119ki <strong>WeeRide Learn2Ride\u00a0<\/strong>dziecko nie musi si\u0119 martwi\u0107 o peda\u0142owanie podczas gdy w tym samym czasie uczy si\u0119 czu\u0107 dynamiki jazdy i balansowania cia\u0142em. <strong>WeeRide Learn2Ride<\/strong>\u00a0uczy jazdy na rowerze i daje dziecku du\u017co zabawy!<\/p>\n<p>[\/et_pb_text][et_pb_slider admin_label=&#8221;Slider&#8221; show_arrows=&#8221;on&#8221; show_pagination=&#8221;on&#8221; auto=&#8221;on&#8221; auto_speed=&#8221;4000&#8243; auto_ignore_hover=&#8221;off&#8221; parallax=&#8221;off&#8221; parallax_method=&#8221;off&#8221; remove_inner_shadow=&#8221;on&#8221; background_position=&#8221;default&#8221; background_size=&#8221;default&#8221; hide_content_on_mobile=&#8221;off&#8221; hide_cta_on_mobile=&#8221;off&#8221; show_image_video_mobile=&#8221;off&#8221; custom_button=&#8221;off&#8221; button_letter_spacing=&#8221;0&#8243; button_use_icon=&#8221;default&#8221; button_icon_placement=&#8221;right&#8221; button_on_hover=&#8221;on&#8221; button_letter_spacing_hover=&#8221;0&#8243;] [et_pb_slide background_position=&#8221;default&#8221; background_size=&#8221;default&#8221; background_color=&#8221;#ffffff&#8221; image=&#8221;https:\/\/myweeride.pl\/wp-content\/uploads\/2016\/03\/81040_IMAGE_Resized_1_Converted.jpg&#8221; use_bg_overlay=&#8221;off&#8221; use_text_overlay=&#8221;off&#8221; alignment=&#8221;center&#8221; background_layout=&#8221;dark&#8221; allow_player_pause=&#8221;off&#8221; text_border_radius=&#8221;3&#8243; header_font_select=&#8221;default&#8221; header_font=&#8221;||||&#8221; body_font_select=&#8221;default&#8221; body_font=&#8221;||||&#8221; custom_button=&#8221;off&#8221; button_font_select=&#8221;default&#8221; button_font=&#8221;||||&#8221; button_use_icon=&#8221;default&#8221; button_icon_placement=&#8221;right&#8221; button_on_hover=&#8221;on&#8221;] [\/et_pb_slide][et_pb_slide background_position=&#8221;default&#8221; background_size=&#8221;default&#8221; background_color=&#8221;#ffffff&#8221; image=&#8221;https:\/\/myweeride.pl\/wp-content\/uploads\/2016\/03\/learn2ride-white.jpg&#8221; use_bg_overlay=&#8221;off&#8221; use_text_overlay=&#8221;off&#8221; alignment=&#8221;center&#8221; background_layout=&#8221;dark&#8221; allow_player_pause=&#8221;off&#8221; text_border_radius=&#8221;3&#8243; header_font_select=&#8221;default&#8221; header_font=&#8221;||||&#8221; body_font_select=&#8221;default&#8221; body_font=&#8221;||||&#8221; custom_button=&#8221;off&#8221; button_font_select=&#8221;default&#8221; button_font=&#8221;||||&#8221; button_use_icon=&#8221;default&#8221; button_icon_placement=&#8221;right&#8221; button_on_hover=&#8221;on&#8221;] [\/et_pb_slide][et_pb_slide background_position=&#8221;default&#8221; background_size=&#8221;default&#8221; background_color=&#8221;#ffffff&#8221; image=&#8221;https:\/\/myweeride.pl\/wp-content\/uploads\/2016\/03\/l2r-white-opak.jpg&#8221; use_bg_overlay=&#8221;off&#8221; use_text_overlay=&#8221;off&#8221; alignment=&#8221;center&#8221; background_layout=&#8221;dark&#8221; allow_player_pause=&#8221;off&#8221; text_border_radius=&#8221;3&#8243; header_font_select=&#8221;default&#8221; header_font=&#8221;||||&#8221; body_font_select=&#8221;default&#8221; body_font=&#8221;||||&#8221; custom_button=&#8221;off&#8221; button_font_select=&#8221;default&#8221; button_font=&#8221;||||&#8221; button_use_icon=&#8221;default&#8221; button_icon_placement=&#8221;right&#8221; button_on_hover=&#8221;on&#8221;] [\/et_pb_slide] [\/et_pb_slider][\/et_pb_column][et_pb_column type=&#8221;1_2&#8243;][et_pb_video admin_label=&#8221;Klip wideo&#8221; src=&#8221;https:\/\/www.youtube.com\/watch?v=z4ossbgp87Q&#8221;] [\/et_pb_video][et_pb_text admin_label=&#8221;Tekst&#8221; background_layout=&#8221;light&#8221; text_orientation=&#8221;left&#8221; use_border_color=&#8221;off&#8221; border_color=&#8221;#ffffff&#8221; border_style=&#8221;solid&#8221;]<\/p>\n<p><strong>Specyfikacja techniczna rowerka :<\/strong><\/p>\n<ul>\n<li>lekka konstrukcja, zaledwie 3 kg<\/li>\n<li>nowoczesna, specjalnie profilowana rama u\u0142atwiaj\u0105ca wsiadanie<\/li>\n<li>modny koloru : <strong>bia\u0142o-niebiesko-\u017c\u00f3\u0142ty<\/strong><\/li>\n<li>wygodne siode\u0142ko<\/li>\n<li>zaokr\u0105glone zako\u0144czenia \u015brub dla bezpiecze\u0144stwa<\/li>\n<li>10 calowe ko\u0142a szprychowe<\/li>\n<li>specjalne opony &#8222;air tires&#8221; nie wymagaj\u0105 pompowania<\/li>\n<li>plastikowe os\u0142ony na ko\u0142ach<\/li>\n<li>regulowana wysoko\u015b\u0107 kierownicy<\/li>\n<li>regulowana wysoko\u015b\u0107 siode\u0142ka 35cm-46cm<\/li>\n<li>solidny hamulec tylni b\u0119bnowy<\/li>\n<li>antypo\u015blizgowe uchwyty na kierownicy<\/li>\n<li>idealny dla dziecka od 18+ mc<\/li>\n<\/ul>\n<p>[\/et_pb_text][\/et_pb_column][\/et_pb_row][\/et_pb_section]<\/p>\n","protected":false},"excerpt":{"rendered":"<p>Rowerek biegowy WeeRide Learn2Ride Rowerek biegowy to idealne rozwi\u0105zanie do nauki jazdy na rowerze i utrzymywania r\u00f3wnowagi. To fantastyczne rozwi\u0105zanie wygl\u0105da jak rower, ale bez korby i peda\u0142\u00f3w i ma na celu pom\u00f3c dziecku nauczy\u0107 si\u0119 podstaw r\u00f3wnowagi. Jak wiadomo podczas nauki jazdy na rowerze dziecko koncentruj\u0105c si\u0119 na peda\u0142owaniu nie mo\u017ce zapanowa\u0107 nad kierowaniem [&hellip;]<\/p>\n","protected":false},"author":1,"featured_media":0,"parent":0,"menu_order":0,"comment_status":"closed","ping_status":"closed","template":"","meta":{"_et_pb_use_builder":"on","_et_pb_old_content":"","_et_gb_content_width":"","footnotes":""},"class_list":["post-269","page","type-page","status-publish","hentry"],"aioseo_notices":[],"_links":{"self":[{"href":"https:\/\/myweeride.pl\/index.php\/wp-json\/wp\/v2\/pages\/269","targetHints":{"allow":["GET"]}}],"collection":[{"href":"https:\/\/myweeride.pl\/index.php\/wp-json\/wp\/v2\/pages"}],"about":[{"href":"https:\/\/myweeride.pl\/index.php\/wp-json\/wp\/v2\/types\/page"}],"author":[{"embeddable":true,"href":"https:\/\/myweeride.pl\/index.php\/wp-json\/wp\/v2\/users\/1"}],"replies":[{"embeddable":true,"href":"https:\/\/myweeride.pl\/index.php\/wp-json\/wp\/v2\/comments?post=269"}],"version-history":[{"count":5,"href":"https:\/\/myweeride.pl\/index.php\/wp-json\/wp\/v2\/pages\/269\/revisions"}],"predecessor-version":[{"id":428,"href":"https:\/\/myweeride.pl\/index.php\/wp-json\/wp\/v2\/pages\/269\/revisions\/428"}],"wp:attachment":[{"href":"https:\/\/myweeride.pl\/index.php\/wp-json\/wp\/v2\/media?parent=269"}],"curies":[{"name":"wp","href":"https:\/\/api.w.org\/{rel}","templated":true}]}}