{"id":267,"date":"2016-03-12T19:59:37","date_gmt":"2016-03-12T18:59:37","guid":{"rendered":"http:\/\/myweeride.pl\/?page_id=267"},"modified":"2017-03-21T12:30:35","modified_gmt":"2017-03-21T11:30:35","slug":"rower-doczepiany-co-pilot","status":"publish","type":"page","link":"https:\/\/myweeride.pl\/index.php\/rower-doczepiany-co-pilot\/","title":{"rendered":"Rower doczepiany Co Pilot"},"content":{"rendered":"<p>[et_pb_section admin_label=&#8221;section&#8221;][et_pb_row admin_label=&#8221;row&#8221;][et_pb_column type=&#8221;1_2&#8243;][et_pb_text admin_label=&#8221;Tekst&#8221; background_layout=&#8221;light&#8221; text_orientation=&#8221;left&#8221; use_border_color=&#8221;off&#8221; border_color=&#8221;#ffffff&#8221; border_style=&#8221;solid&#8221;]<\/p>\n<h1>WeeRide\u00a0Co Pilot &#8211; rower doczepiany [przyczepka, doczepka, hol]<\/h1>\n<p><strong>WeeRide Co-Pilot<\/strong> jest jednoko\u0142owym rowerem dla Twojego dziecka, kt\u00f3ry do\u0142\u0105czasz pod siode\u0142ko do swojego roweru. To jakby zamiana roweru w tandem, dzi\u0119ki temu pozwalasz dziecku na jazd\u0119 razem z Tob\u0105.<\/p>\n<p><strong>Zabawa, komfort i bezpiecze\u0144stwo Twojego dziecka!<\/strong><\/p>\n<p><strong>WeeRide Co-Pilot<\/strong> to po prostu najlepsze jednoko\u0142owe rowery dla dzieci, kt\u00f3re w najbardziej przyjazny spos\u00f3b daj\u0105 Twojemu dziecku wspania\u0142e do\u015bwiadczenie z jazdy na rowerze.<\/p>\n<p><strong>Takich dozna\u0144 w \u017caden spos\u00f3b nie s\u0105 w stanie oferowa\u0107 inne akcesoria rowerowe!<\/strong><\/p>\n<p>[\/et_pb_text][et_pb_slider admin_label=&#8221;Slider&#8221; show_arrows=&#8221;on&#8221; show_pagination=&#8221;on&#8221; auto=&#8221;on&#8221; auto_speed=&#8221;4000&#8243; auto_ignore_hover=&#8221;off&#8221; parallax=&#8221;off&#8221; parallax_method=&#8221;off&#8221; remove_inner_shadow=&#8221;on&#8221; background_position=&#8221;default&#8221; background_size=&#8221;default&#8221; hide_content_on_mobile=&#8221;off&#8221; hide_cta_on_mobile=&#8221;off&#8221; show_image_video_mobile=&#8221;off&#8221; custom_button=&#8221;off&#8221; button_letter_spacing=&#8221;0&#8243; button_use_icon=&#8221;default&#8221; button_icon_placement=&#8221;right&#8221; button_on_hover=&#8221;on&#8221; button_letter_spacing_hover=&#8221;0&#8243;] [et_pb_slide background_position=&#8221;default&#8221; background_size=&#8221;default&#8221; background_color=&#8221;#ffffff&#8221; image=&#8221;https:\/\/myweeride.pl\/wp-content\/uploads\/2016\/03\/IMG_9953_Resized.jpg&#8221; use_bg_overlay=&#8221;off&#8221; use_text_overlay=&#8221;off&#8221; alignment=&#8221;center&#8221; background_layout=&#8221;dark&#8221; allow_player_pause=&#8221;off&#8221; text_border_radius=&#8221;3&#8243; header_font_select=&#8221;default&#8221; header_font=&#8221;||||&#8221; body_font_select=&#8221;default&#8221; body_font=&#8221;||||&#8221; custom_button=&#8221;off&#8221; button_font_select=&#8221;default&#8221; button_font=&#8221;||||&#8221; button_use_icon=&#8221;default&#8221; button_icon_placement=&#8221;right&#8221; button_on_hover=&#8221;on&#8221;] [\/et_pb_slide][et_pb_slide background_position=&#8221;default&#8221; background_size=&#8221;default&#8221; background_color=&#8221;#ffffff&#8221; image=&#8221;https:\/\/myweeride.pl\/wp-content\/uploads\/2016\/03\/Almendros-en-flor_Resized.jpg&#8221; use_bg_overlay=&#8221;off&#8221; use_text_overlay=&#8221;off&#8221; alignment=&#8221;center&#8221; background_layout=&#8221;dark&#8221; allow_player_pause=&#8221;off&#8221; text_border_radius=&#8221;3&#8243; header_font_select=&#8221;default&#8221; header_font=&#8221;||||&#8221; body_font_select=&#8221;default&#8221; body_font=&#8221;||||&#8221; custom_button=&#8221;off&#8221; button_font_select=&#8221;default&#8221; button_font=&#8221;||||&#8221; button_use_icon=&#8221;default&#8221; button_icon_placement=&#8221;right&#8221; button_on_hover=&#8221;on&#8221;] [\/et_pb_slide][et_pb_slide background_position=&#8221;default&#8221; background_size=&#8221;default&#8221; background_color=&#8221;#ffffff&#8221; image=&#8221;https:\/\/myweeride.pl\/wp-content\/uploads\/2016\/03\/IMG_0018_Resized.jpg&#8221; use_bg_overlay=&#8221;off&#8221; use_text_overlay=&#8221;off&#8221; alignment=&#8221;center&#8221; background_layout=&#8221;dark&#8221; allow_player_pause=&#8221;off&#8221; text_border_radius=&#8221;3&#8243; header_font_select=&#8221;default&#8221; header_font=&#8221;||||&#8221; body_font_select=&#8221;default&#8221; body_font=&#8221;||||&#8221; custom_button=&#8221;off&#8221; button_font_select=&#8221;default&#8221; button_font=&#8221;||||&#8221; button_use_icon=&#8221;default&#8221; button_icon_placement=&#8221;right&#8221; button_on_hover=&#8221;on&#8221;] [\/et_pb_slide][et_pb_slide background_position=&#8221;default&#8221; background_size=&#8221;default&#8221; background_color=&#8221;#ffffff&#8221; image=&#8221;https:\/\/myweeride.pl\/wp-content\/uploads\/2016\/03\/Mi-Co-Pilot-mola-mucho900x600.jpg&#8221; use_bg_overlay=&#8221;off&#8221; use_text_overlay=&#8221;off&#8221; alignment=&#8221;center&#8221; background_layout=&#8221;dark&#8221; allow_player_pause=&#8221;off&#8221; text_border_radius=&#8221;3&#8243; header_font_select=&#8221;default&#8221; header_font=&#8221;||||&#8221; body_font_select=&#8221;default&#8221; body_font=&#8221;||||&#8221; custom_button=&#8221;off&#8221; button_font_select=&#8221;default&#8221; button_font=&#8221;||||&#8221; button_use_icon=&#8221;default&#8221; button_icon_placement=&#8221;right&#8221; button_on_hover=&#8221;on&#8221;] [\/et_pb_slide][et_pb_slide background_position=&#8221;default&#8221; background_size=&#8221;default&#8221; background_color=&#8221;#ffffff&#8221; image=&#8221;https:\/\/myweeride.pl\/wp-content\/uploads\/2016\/03\/Laura-y-Alejandra900x600.jpg&#8221; use_bg_overlay=&#8221;off&#8221; use_text_overlay=&#8221;off&#8221; alignment=&#8221;center&#8221; background_layout=&#8221;dark&#8221; allow_player_pause=&#8221;off&#8221; text_border_radius=&#8221;3&#8243; header_font_select=&#8221;default&#8221; header_font=&#8221;||||&#8221; body_font_select=&#8221;default&#8221; body_font=&#8221;||||&#8221; custom_button=&#8221;off&#8221; button_font_select=&#8221;default&#8221; button_font=&#8221;||||&#8221; button_use_icon=&#8221;default&#8221; button_icon_placement=&#8221;right&#8221; button_on_hover=&#8221;on&#8221;] [\/et_pb_slide] [\/et_pb_slider][\/et_pb_column][et_pb_column type=&#8221;1_2&#8243;][et_pb_video admin_label=&#8221;Klip wideo&#8221; src=&#8221;https:\/\/www.youtube.com\/watch?v=Mv6BwcdDN3U&#8221;] [\/et_pb_video][et_pb_text admin_label=&#8221;Tekst&#8221; background_layout=&#8221;light&#8221; text_orientation=&#8221;left&#8221; use_border_color=&#8221;off&#8221; border_color=&#8221;#ffffff&#8221; border_style=&#8221;solid&#8221;]<\/p>\n<p>&nbsp;<\/p>\n<p>&nbsp;<\/p>\n<p>Chcesz jecha\u0107 z rodzin\u0105 na przeja\u017cd\u017ck\u0119 rowerow\u0105? Twoje 4 letnie dziecko r\u00f3wnie\u017c chce jecha\u0107 ale jest za du\u017ce do fotelika, a je\u017adzi jeszcze zbyt wolno na swoim ma\u0142ym rowerku. Co robisz? Nowy <strong>WeeRide Co-Pilot\u00a0<\/strong>jest odpowiedzi\u0105 na Twoje potrzeby. Doczepiaj\u0105c <strong>WeeRide Co-Pilot<\/strong> do Twojego roweru sprawisz, \u017ce Twoje dziecko poczuje si\u0119 jak prawdziwy rowerzysta. Na swoim &#8222;du\u017cym&#8221; rowerze dziecko b\u0119dzie mog\u0142o jecha\u0107 tak szybko jak Ty. Mo\u017cecie wsp\u00f3lnie przemierza\u0107 szlaki rowerowe w r\u00f3wnym tempie.<\/p>\n<p><strong>WeeRide Co-Pilot<\/strong> jest projektowany dla dzieci w wieku 4-9 lat. Dzieci mog\u0105 samodzielnie peda\u0142owa\u0107 w prz\u00f3d, do ty\u0142u lub wcale nie peda\u0142owa\u0107, je\u015bli np. jedziecie rozp\u0119dzeni. Je\u015bli potrzebujesz pomocy, bo jedziecie pod g\u00f3r\u0119 mo\u017cesz poprosi\u0107 swoje dziecko aby pomog\u0142o peda\u0142owa\u0107, dzieciaki to uwielbiaj\u0105.<\/p>\n<p>Wyposa\u017cony w system szybkiego zwolnienia, dzi\u0119ki kt\u00f3remu b\u0119dziesz m\u00f3g\u0142 natychmiast odpi\u0105\u0107 <strong>WeeRide Co-Pilot <\/strong>od swojego roweru, je\u015bli tylko tego potrzebujesz. Ta fantastyczna cz\u0119\u015b\u0107 wyposa\u017cenia posiada nawet regulowan\u0105 kierownic\u0119, wygodne siode\u0142ko i dla bezpiecze\u0144stwa widoczn\u0105 chor\u0105giewk\u0119.<\/p>\n<p>[\/et_pb_text][\/et_pb_column][\/et_pb_row][\/et_pb_section][et_pb_section admin_label=&#8221;Sekcja&#8221; fullwidth=&#8221;off&#8221; specialty=&#8221;off&#8221;][et_pb_row admin_label=&#8221;Wiersz&#8221;][et_pb_column type=&#8221;1_2&#8243;][et_pb_text admin_label=&#8221;Tekst&#8221; background_layout=&#8221;light&#8221; text_orientation=&#8221;left&#8221; use_border_color=&#8221;off&#8221; border_color=&#8221;#ffffff&#8221; border_style=&#8221;solid&#8221;]<\/p>\n<p><strong>Korzy\u015bci:<\/strong><\/p>\n<p>&#8211; Wsp\u00f3lna jazda razem z dzieckiem<br \/>\n&#8211; Dziecko jest bezpieczne, bo Ty kontrolujesz kierunek i pr\u0119dko\u015b\u0107 jazdy<br \/>\n&#8211; Jazda r\u00f3wnym tempem<br \/>\n&#8211; Brak przestoj\u00f3w, gdy dziecko nie ma si\u0142 peda\u0142owa\u0107<br \/>\n&#8211; Dziecko mo\u017ce peda\u0142owa\u0107 do przodu, do ty\u0142u lub odpoczywa\u0107<br \/>\n&#8211; Mo\u017cliwo\u015b\u0107 szybkiej i bezpiecznej jazdy<br \/>\n&#8211; Co Pilot jest w\u0119\u017cszy od tradycyjnych przyczepek, wi\u0119c mo\u017cna jecha\u0107 w\u0105skimi \u015bcie\u017ckami<br \/>\n&#8211; Dziecko uczy si\u0119 utrzymywania r\u00f3wnowagi na rowerze<br \/>\n&#8211; Dziecko nauczy si\u0119 je\u017adzi\u0107 normalnym rowerem, bez potrzeby u\u017cywania k\u00f3\u0142ek bocznych<br \/>\n&#8211; \u015awietna zabawa razem z ma\u0142ym turyst\u0105<br \/>\n&#8211; Mo\u017cliwo\u015b\u0107 przeja\u017cd\u017cek nawet na d\u0142u\u017cszych trasach<br \/>\n&#8211; Dzieci s\u0105 zachwycone, gdy mog\u0105 towarzyszy\u0107 rodzicom w wyprawach rowerowych<\/p>\n<p>&nbsp;<\/p>\n<p><strong>Cechy produktu:<\/strong><\/p>\n<p>&#8211;\u00a0Opatentowany system Synk Link Pivot<br \/>\n&#8211; Opatentowany (Quick Release System) system szybkiego od\u0142\u0105czania od roweru rodzica.<br \/>\n&#8211; \u0141atwa korekta wysoko\u015bci siode\u0142ka<br \/>\n&#8211; Regulowana kierownica<br \/>\n&#8211; Proste w u\u017cyciu elementy daj\u0105 wi\u0119cej czasu na jazd\u0119, a mniej na przygotowanie<br \/>\n&#8211; Rodzic kontroluje sterowanie kierownic\u0105, pr\u0119dko\u015b\u0107 i hamowanie<br \/>\n&#8211; B\u0142otniki (przedni i tylny), chroni\u0105ce przed ochlapaniem dziecka<br \/>\n&#8211; Chor\u0105giewka dla bezpiecze\u0144stwa dziecka<br \/>\n&#8211; Mo\u017cliwo\u015b\u0107 sk\u0142adania Co-Pilota, dzi\u0119ki czemu zajmuje ma\u0142o miejsca<br \/>\n&#8211; Mo\u017cliwo\u015b\u0107 przewo\u017cenia w baga\u017cniku samochodu<\/p>\n<p>&nbsp;<\/p>\n<p><strong>Specyfikacja:<\/strong><\/p>\n<p>&#8211; Waga &lt;11 kg<br \/>\n&#8211; Pasuje praktycznie do wszystkich rower\u00f3w<br \/>\n&#8211; Mo\u017cliwo\u015b\u0107 przewo\u017cenia dzieci do 45 kg<br \/>\n&#8211; Stylowo zaprojektowana rama pasuje do wszystkich kolor\u00f3w roweru<br \/>\n&#8211; Zalecany dla dzieci w wieku 4-10 lat<br \/>\n&#8211; Rozmiar ko\u0142a Co-Pilot 20&#8243;<br \/>\n&#8211; Mocna rama pasuje do rower\u00f3w o wielko\u015bci k\u00f3\u0142 do 26&#8243;, 27,5&#8243;, 29&#8243;, 700c<\/p>\n<p>&nbsp;<\/p>\n<p><strong>Dost\u0119pne r\u00f3\u017cne kolory: srebrny, r\u00f3\u017cowy, zielony, bia\u0142y<\/strong><\/p>\n<p>[\/et_pb_text][et_pb_gallery admin_label=&#8221;Galeria&#8221; gallery_ids=&#8221;360,361,362,363,364,365,366,367,368,369,370,371,372&#8243; gallery_orderby=&#8221;rand&#8221; fullwidth=&#8221;on&#8221; show_title_and_caption=&#8221;on&#8221; show_pagination=&#8221;on&#8221; background_layout=&#8221;light&#8221; auto=&#8221;on&#8221; auto_speed=&#8221;4000&#8243; hover_overlay_color=&#8221;rgba(255,255,255,0.9)&#8221; caption_all_caps=&#8221;off&#8221; use_border_color=&#8221;off&#8221; border_color=&#8221;#ffffff&#8221; border_style=&#8221;solid&#8221;] [\/et_pb_gallery][\/et_pb_column][et_pb_column type=&#8221;1_2&#8243;][et_pb_image admin_label=&#8221;Obraz&#8221; src=&#8221;https:\/\/myweeride.pl\/wp-content\/uploads\/2016\/03\/MP_UK-Co-Pilot_Resized.jpg&#8221; show_in_lightbox=&#8221;off&#8221; url_new_window=&#8221;off&#8221; use_overlay=&#8221;off&#8221; animation=&#8221;left&#8221; sticky=&#8221;off&#8221; align=&#8221;left&#8221; force_fullwidth=&#8221;off&#8221; always_center_on_mobile=&#8221;on&#8221; use_border_color=&#8221;off&#8221; border_color=&#8221;#ffffff&#8221; border_style=&#8221;solid&#8221;] [\/et_pb_image][et_pb_image admin_label=&#8221;Obraz&#8221; src=&#8221;https:\/\/myweeride.pl\/wp-content\/uploads\/2016\/03\/Pink-Co-Pilot_Resized.jpg&#8221; show_in_lightbox=&#8221;off&#8221; url_new_window=&#8221;off&#8221; use_overlay=&#8221;off&#8221; animation=&#8221;left&#8221; sticky=&#8221;off&#8221; align=&#8221;left&#8221; force_fullwidth=&#8221;off&#8221; always_center_on_mobile=&#8221;on&#8221; use_border_color=&#8221;off&#8221; border_color=&#8221;#ffffff&#8221; border_style=&#8221;solid&#8221;] [\/et_pb_image][et_pb_image admin_label=&#8221;Obraz&#8221; src=&#8221;https:\/\/myweeride.pl\/wp-content\/uploads\/2016\/03\/Green-Co-Pilot_Resized.jpg&#8221; show_in_lightbox=&#8221;off&#8221; url_new_window=&#8221;off&#8221; use_overlay=&#8221;off&#8221; animation=&#8221;left&#8221; sticky=&#8221;off&#8221; align=&#8221;left&#8221; force_fullwidth=&#8221;off&#8221; always_center_on_mobile=&#8221;on&#8221; use_border_color=&#8221;off&#8221; border_color=&#8221;#ffffff&#8221; border_style=&#8221;solid&#8221;] [\/et_pb_image][et_pb_image admin_label=&#8221;Obraz&#8221; src=&#8221;https:\/\/myweeride.pl\/wp-content\/uploads\/2016\/03\/white-image-PAGE-1A38806_Resized.jpg&#8221; show_in_lightbox=&#8221;off&#8221; url_new_window=&#8221;off&#8221; use_overlay=&#8221;off&#8221; animation=&#8221;left&#8221; sticky=&#8221;off&#8221; align=&#8221;left&#8221; force_fullwidth=&#8221;off&#8221; always_center_on_mobile=&#8221;on&#8221; use_border_color=&#8221;off&#8221; border_color=&#8221;#ffffff&#8221; border_style=&#8221;solid&#8221;] [\/et_pb_image][\/et_pb_column][\/et_pb_row][\/et_pb_section]<\/p>\n","protected":false},"excerpt":{"rendered":"<p>WeeRide\u00a0Co Pilot &#8211; rower doczepiany [przyczepka, doczepka, hol] WeeRide Co-Pilot jest jednoko\u0142owym rowerem dla Twojego dziecka, kt\u00f3ry do\u0142\u0105czasz pod siode\u0142ko do swojego roweru. To jakby zamiana roweru w tandem, dzi\u0119ki temu pozwalasz dziecku na jazd\u0119 razem z Tob\u0105. Zabawa, komfort i bezpiecze\u0144stwo Twojego dziecka! WeeRide Co-Pilot to po prostu najlepsze jednoko\u0142owe rowery dla dzieci, kt\u00f3re [&hellip;]<\/p>\n","protected":false},"author":1,"featured_media":0,"parent":0,"menu_order":0,"comment_status":"closed","ping_status":"closed","template":"","meta":{"_et_pb_use_builder":"on","_et_pb_old_content":"","_et_gb_content_width":"","footnotes":""},"class_list":["post-267","page","type-page","status-publish","hentry"],"aioseo_notices":[],"_links":{"self":[{"href":"https:\/\/myweeride.pl\/index.php\/wp-json\/wp\/v2\/pages\/267","targetHints":{"allow":["GET"]}}],"collection":[{"href":"https:\/\/myweeride.pl\/index.php\/wp-json\/wp\/v2\/pages"}],"about":[{"href":"https:\/\/myweeride.pl\/index.php\/wp-json\/wp\/v2\/types\/page"}],"author":[{"embeddable":true,"href":"https:\/\/myweeride.pl\/index.php\/wp-json\/wp\/v2\/users\/1"}],"replies":[{"embeddable":true,"href":"https:\/\/myweeride.pl\/index.php\/wp-json\/wp\/v2\/comments?post=267"}],"version-history":[{"count":14,"href":"https:\/\/myweeride.pl\/index.php\/wp-json\/wp\/v2\/pages\/267\/revisions"}],"predecessor-version":[{"id":462,"href":"https:\/\/myweeride.pl\/index.php\/wp-json\/wp\/v2\/pages\/267\/revisions\/462"}],"wp:attachment":[{"href":"https:\/\/myweeride.pl\/index.php\/wp-json\/wp\/v2\/media?parent=267"}],"curies":[{"name":"wp","href":"https:\/\/api.w.org\/{rel}","templated":true}]}}